{"id":1557,"date":"2026-05-09T17:31:36","date_gmt":"2026-05-09T15:31:36","guid":{"rendered":"https:\/\/victimshopedrc.org\/?page_id=1557"},"modified":"2026-05-09T22:05:06","modified_gmt":"2026-05-09T20:05:06","slug":"rapports","status":"publish","type":"page","link":"https:\/\/victimshopedrc.org\/en\/rapports\/","title":{"rendered":"Reports"},"content":{"rendered":"\t\t<div data-elementor-type=\"wp-page\" data-elementor-id=\"1557\" class=\"elementor elementor-1557\" data-elementor-post-type=\"page\">\n\t\t\t\t<div class=\"elementor-element elementor-element-d05ad1d e-flex e-con-boxed e-con e-parent\" data-id=\"d05ad1d\" data-element_type=\"container\" data-e-type=\"container\" data-settings=\"{&quot;background_background&quot;:&quot;classic&quot;}\">\n\t\t\t\t\t<div class=\"e-con-inner\">\n\t\t\t\t<div class=\"elementor-element elementor-element-e031617 elementor-widget elementor-widget-heading\" data-id=\"e031617\" data-element_type=\"widget\" data-e-type=\"widget\" data-widget_type=\"heading.default\">\n\t\t\t\t\t<h2 class=\"elementor-heading-title elementor-size-default\">Rapports<\/h2>\t\t\t\t<\/div>\n\t\t\t\t<div class=\"elementor-element elementor-element-4f1a702 elementor-widget elementor-widget-text-editor\" data-id=\"4f1a702\" data-element_type=\"widget\" data-e-type=\"widget\" data-widget_type=\"text-editor.default\">\n\t\t\t\t\t\t\t\t\t<p>Retrouvez ici les rapports d\u2019\u00e9valuation, d\u2019analyse et de mission r\u00e9alis\u00e9s pour nos organisations partenaires.<br data-start=\"471\" data-end=\"474\" \/>Ces rapports sont publi\u00e9s avec l\u2019accord des organisations concern\u00e9es.<\/p>\t\t\t\t\t\t\t\t<\/div>\n\t\t\t\t\t<\/div>\n\t\t\t\t<\/div>\n\t\t<div class=\"elementor-element elementor-element-ee06787 e-flex e-con-boxed e-con e-parent\" data-id=\"ee06787\" data-element_type=\"container\" data-e-type=\"container\">\n\t\t\t\t\t<div class=\"e-con-inner\">\n\t\t<div class=\"elementor-element elementor-element-adbef15 e-con-full e-flex e-con e-child\" data-id=\"adbef15\" data-element_type=\"container\" data-e-type=\"container\">\n\t\t\t\t<div class=\"elementor-element elementor-element-eeb779d elementor-grid-1 elementor-grid-tablet-1 elementor-grid-mobile-1 elementor-widget elementor-widget-loop-grid\" data-id=\"eeb779d\" data-element_type=\"widget\" data-e-type=\"widget\" data-settings=\"{&quot;template_id&quot;:1584,&quot;columns&quot;:1,&quot;pagination_type&quot;:&quot;numbers_and_prev_next&quot;,&quot;pagination_load_type&quot;:&quot;ajax&quot;,&quot;columns_tablet&quot;:1,&quot;_skin&quot;:&quot;post&quot;,&quot;columns_mobile&quot;:&quot;1&quot;,&quot;edit_handle_selector&quot;:&quot;[data-elementor-type=\\&quot;loop-item\\&quot;]&quot;,&quot;row_gap&quot;:{&quot;unit&quot;:&quot;px&quot;,&quot;size&quot;:&quot;&quot;,&quot;sizes&quot;:[]},&quot;row_gap_tablet&quot;:{&quot;unit&quot;:&quot;px&quot;,&quot;size&quot;:&quot;&quot;,&quot;sizes&quot;:[]},&quot;row_gap_mobile&quot;:{&quot;unit&quot;:&quot;px&quot;,&quot;size&quot;:&quot;&quot;,&quot;sizes&quot;:[]}}\" data-widget_type=\"loop-grid.post\">\n\t\t\t\t<div class=\"elementor-widget-container\">\n\t\t\t\t\t\t\t<div class=\"elementor-loop-container elementor-grid\" role=\"list\">\n\t\t<style id=\"loop-dynamic-1584\">.e-loop-item-1524 .elementor-element.elementor-element-37cc797:not(.elementor-motion-effects-element-type-background), .e-loop-item-1524 .elementor-element.elementor-element-37cc797 > .elementor-motion-effects-container > .elementor-motion-effects-layer{background-image:url(\"https:\/\/victimshopedrc.org\/wp-content\/uploads\/2026\/05\/ryvw8aejcwbhqlvv3vhf-scaled.jpeg\");}<\/style><style id=\"loop-1584\">.elementor-1584 .elementor-element.elementor-element-402625a{--display:flex;--flex-direction:row;--container-widget-width:initial;--container-widget-height:100%;--container-widget-flex-grow:1;--container-widget-align-self:stretch;--flex-wrap-mobile:wrap;}.elementor-1584 .elementor-element.elementor-element-0caad76{--display:flex;--flex-direction:column;--container-widget-width:100%;--container-widget-height:initial;--container-widget-flex-grow:0;--container-widget-align-self:initial;--flex-wrap-mobile:wrap;--gap:5px 5px;--row-gap:5px;--column-gap:5px;--padding-top:0px;--padding-bottom:0px;--padding-left:0px;--padding-right:0px;}.elementor-1584 .elementor-element.elementor-element-0caad76.e-con{--flex-grow:1;--flex-shrink:0;}.elementor-widget-divider{--divider-color:var( --e-global-color-secondary );}.elementor-widget-divider .elementor-divider__text{color:var( --e-global-color-secondary );font-family:var( --e-global-typography-secondary-font-family ), Sans-serif;font-weight:var( --e-global-typography-secondary-font-weight );}.elementor-widget-divider.elementor-view-stacked .elementor-icon{background-color:var( --e-global-color-secondary );}.elementor-widget-divider.elementor-view-framed .elementor-icon, .elementor-widget-divider.elementor-view-default .elementor-icon{color:var( --e-global-color-secondary );border-color:var( --e-global-color-secondary );}.elementor-widget-divider.elementor-view-framed .elementor-icon, .elementor-widget-divider.elementor-view-default .elementor-icon svg{fill:var( --e-global-color-secondary );}.elementor-1584 .elementor-element.elementor-element-778c160{--divider-border-style:solid;--divider-color:#B8B8B8;--divider-border-width:1.5px;}.elementor-1584 .elementor-element.elementor-element-778c160 .elementor-divider-separator{width:100%;}.elementor-1584 .elementor-element.elementor-element-778c160 .elementor-divider{padding-block-start:2px;padding-block-end:2px;}.elementor-widget-theme-post-title .elementor-heading-title{font-family:var( --e-global-typography-primary-font-family ), Sans-serif;font-weight:var( --e-global-typography-primary-font-weight );color:var( --e-global-color-primary );}.elementor-1584 .elementor-element.elementor-element-0a9f43f{text-align:start;}.elementor-1584 .elementor-element.elementor-element-0a9f43f .elementor-heading-title{font-family:\"Roboto\", Sans-serif;font-size:22px;font-weight:500;color:var( --e-global-color-secondary );}.elementor-widget-post-info .elementor-icon-list-item:not(:last-child):after{border-color:var( --e-global-color-text );}.elementor-widget-post-info .elementor-icon-list-icon i{color:var( --e-global-color-primary );}.elementor-widget-post-info .elementor-icon-list-icon svg{fill:var( --e-global-color-primary );}.elementor-widget-post-info .elementor-icon-list-text, .elementor-widget-post-info .elementor-icon-list-text a{color:var( --e-global-color-secondary );}.elementor-widget-post-info .elementor-icon-list-item{font-family:var( --e-global-typography-text-font-family ), Sans-serif;font-weight:var( --e-global-typography-text-font-weight );}.elementor-1584 .elementor-element.elementor-element-da2f609 .elementor-icon-list-items:not(.elementor-inline-items) .elementor-icon-list-item:not(:last-child){padding-bottom:calc(0px\/2);}.elementor-1584 .elementor-element.elementor-element-da2f609 .elementor-icon-list-items:not(.elementor-inline-items) .elementor-icon-list-item:not(:first-child){margin-top:calc(0px\/2);}.elementor-1584 .elementor-element.elementor-element-da2f609 .elementor-icon-list-items.elementor-inline-items .elementor-icon-list-item{margin-right:calc(0px\/2);margin-left:calc(0px\/2);}.elementor-1584 .elementor-element.elementor-element-da2f609 .elementor-icon-list-items.elementor-inline-items{margin-right:calc(-0px\/2);margin-left:calc(-0px\/2);}body.rtl .elementor-1584 .elementor-element.elementor-element-da2f609 .elementor-icon-list-items.elementor-inline-items .elementor-icon-list-item:after{left:calc(-0px\/2);}body:not(.rtl) .elementor-1584 .elementor-element.elementor-element-da2f609 .elementor-icon-list-items.elementor-inline-items .elementor-icon-list-item:after{right:calc(-0px\/2);}.elementor-1584 .elementor-element.elementor-element-da2f609 .elementor-icon-list-icon{width:0px;}.elementor-1584 .elementor-element.elementor-element-da2f609 .elementor-icon-list-icon i{font-size:0px;}.elementor-1584 .elementor-element.elementor-element-da2f609 .elementor-icon-list-icon svg{--e-icon-list-icon-size:0px;}.elementor-1584 .elementor-element.elementor-element-da2f609 .elementor-icon-list-item{font-family:\"Roboto\", Sans-serif;font-size:14px;font-weight:400;}.elementor-1584 .elementor-element.elementor-element-da2f609{margin:0px 0px calc(var(--kit-widget-spacing, 0px) + 0px) 0px;padding:0px 0px 0px 0px;}.elementor-1584 .elementor-element.elementor-element-da2f609.elementor-element{--align-self:flex-start;}.elementor-widget-theme-post-excerpt{font-family:var( --e-global-typography-text-font-family ), Sans-serif;font-weight:var( --e-global-typography-text-font-weight );color:var( --e-global-color-text );}.elementor-1584 .elementor-element.elementor-element-3f7e39e{font-family:\"Roboto\", Sans-serif;font-size:16px;font-weight:400;margin-bottom:0px;color:var( --e-global-color-secondary );}.elementor-1584 .elementor-element.elementor-element-37cc797{--display:flex;--justify-content:flex-start;--gap:0px 0px;--row-gap:0px;--column-gap:0px;border-style:solid;--border-style:solid;border-width:1px 1px 1px 1px;--border-top-width:1px;--border-right-width:1px;--border-bottom-width:1px;--border-left-width:1px;}.elementor-1584 .elementor-element.elementor-element-37cc797:not(.elementor-motion-effects-element-type-background), .elementor-1584 .elementor-element.elementor-element-37cc797 > .elementor-motion-effects-container > .elementor-motion-effects-layer{background-repeat:no-repeat;background-size:cover;}@media(max-width:767px){.elementor-1584 .elementor-element.elementor-element-37cc797{--min-height:200px;}}@media(min-width:768px){.elementor-1584 .elementor-element.elementor-element-402625a{--content-width:1200px;}.elementor-1584 .elementor-element.elementor-element-0caad76{--width:80%;}.elementor-1584 .elementor-element.elementor-element-37cc797{--width:20%;}}<\/style>\t\t<div data-elementor-type=\"loop-item\" data-elementor-id=\"1584\" class=\"elementor elementor-1584 e-loop-item e-loop-item-1524 post-1524 post type-post status-publish format-standard has-post-thumbnail hentry category-report\" data-elementor-post-type=\"elementor_library\" data-custom-edit-handle=\"1\">\n\t\t\t<div class=\"elementor-element elementor-element-402625a e-flex e-con-boxed e-con e-parent\" data-id=\"402625a\" data-element_type=\"container\" data-e-type=\"container\">\n\t\t\t\t\t<div class=\"e-con-inner\">\n\t\t<div class=\"elementor-element elementor-element-0caad76 e-con-full e-flex e-con e-child\" data-id=\"0caad76\" data-element_type=\"container\" data-e-type=\"container\">\n\t\t\t\t<div class=\"elementor-element elementor-element-778c160 elementor-widget-divider--view-line elementor-widget elementor-widget-divider\" data-id=\"778c160\" data-element_type=\"widget\" data-e-type=\"widget\" data-widget_type=\"divider.default\">\n\t\t\t\t\t\t\t<div class=\"elementor-divider\">\n\t\t\t<span class=\"elementor-divider-separator\">\n\t\t\t\t\t\t<\/span>\n\t\t<\/div>\n\t\t\t\t\t\t<\/div>\n\t\t\t\t<div class=\"elementor-element elementor-element-0a9f43f elementor-widget elementor-widget-theme-post-title elementor-page-title elementor-widget-heading\" data-id=\"0a9f43f\" data-element_type=\"widget\" data-e-type=\"widget\" data-widget_type=\"theme-post-title.default\">\n\t\t\t\t\t<h1 class=\"elementor-heading-title elementor-size-default\"><a href=\"https:\/\/victimshopedrc.org\/en\/enquete-de-perception-sur-le-projet-renforcer-la-redevabilite-envers-les-populations-affectees-en-rdc\/\">Enqu\u00eate de perception sur le projet : \u00ab Renforcer la redevabilit\u00e9 envers les populations affect\u00e9es en RDC \u00bb<\/a><\/h1>\t\t\t\t<\/div>\n\t\t\t\t<div class=\"elementor-element elementor-element-da2f609 elementor-align-left elementor-widget elementor-widget-post-info\" data-id=\"da2f609\" data-element_type=\"widget\" data-e-type=\"widget\" data-widget_type=\"post-info.default\">\n\t\t\t\t\t\t\t<ul class=\"elementor-inline-items elementor-icon-list-items elementor-post-info\">\n\t\t\t\t\t\t\t\t<li class=\"elementor-icon-list-item elementor-repeater-item-2dfcaaa elementor-inline-item\" itemprop=\"datePublished\">\n\t\t\t\t\t\t<a href=\"https:\/\/victimshopedrc.org\/en\/2026\/05\/09\/\">\n\t\t\t\t\t\t\t\t\t\t\t\t\t\t<span class=\"elementor-icon-list-text elementor-post-info__item elementor-post-info__item--type-date\">\n\t\t\t\t\t\t\t\t\t\t<time>May 9, 2026<\/time>\t\t\t\t\t<\/span>\n\t\t\t\t\t\t\t\t\t<\/a>\n\t\t\t\t<\/li>\n\t\t\t\t<\/ul>\n\t\t\t\t\t\t<\/div>\n\t\t\t\t<div class=\"elementor-element elementor-element-3f7e39e elementor-widget elementor-widget-theme-post-excerpt\" data-id=\"3f7e39e\" data-element_type=\"widget\" data-e-type=\"widget\" data-widget_type=\"theme-post-excerpt.default\">\n\t\t\t\t\t<p>Ground Truth Solutions (GTS) soutient la r\u00e9ponse humanitaire en RDC \u00e0 comprendre et \u00e0 agir en fonction des perceptions des populations affect\u00e9es par la crise, assurant ainsi que leurs voix soient prises en compte dans l\u2019action humanitaire. Pour ce faire,\t\t\t\t<\/div>\n\t\t\t\t<\/div>\n\t\t<div class=\"elementor-element elementor-element-37cc797 e-con-full e-flex e-con e-child\" data-id=\"37cc797\" data-element_type=\"container\" data-e-type=\"container\" data-settings=\"{&quot;background_background&quot;:&quot;classic&quot;}\">\n\t\t\t\t<\/div>\n\t\t\t\t\t<\/div>\n\t\t\t\t<\/div>\n\t\t\t\t<\/div>\n\t\t\t\t<\/div>\n\t\t\n\t\t\t\t\t\t<\/div>\n\t\t\t\t<\/div>\n\t\t\t\t<\/div>\n\t\t<div class=\"elementor-element elementor-element-6e2a05b e-con-full e-flex e-con e-child\" data-id=\"6e2a05b\" data-element_type=\"container\" data-e-type=\"container\">\n\t\t\t\t<div class=\"elementor-element elementor-element-316c196 elementor-widget elementor-widget-image\" data-id=\"316c196\" data-element_type=\"widget\" data-e-type=\"widget\" data-widget_type=\"image.default\">\n\t\t\t\t\t\t\t\t\t\t\t\t\t\t\t<img fetchpriority=\"high\" decoding=\"async\" width=\"640\" height=\"960\" src=\"https:\/\/victimshopedrc.org\/wp-content\/uploads\/2026\/05\/pexels-tima-miroshnichenko-5453827.jpg\" class=\"attachment-large size-large wp-image-1674\" alt=\"Photo credit: Tima Miroshnichenko\" srcset=\"https:\/\/victimshopedrc.org\/wp-content\/uploads\/2026\/05\/pexels-tima-miroshnichenko-5453827.jpg 640w, https:\/\/victimshopedrc.org\/wp-content\/uploads\/2026\/05\/pexels-tima-miroshnichenko-5453827-200x300.jpg 200w, https:\/\/victimshopedrc.org\/wp-content\/uploads\/2026\/05\/pexels-tima-miroshnichenko-5453827-8x12.jpg 8w\" sizes=\"(max-width: 640px) 100vw, 640px\" \/>\t\t\t\t\t\t\t\t\t\t\t\t\t\t\t<\/div>\n\t\t\t\t<div class=\"elementor-element elementor-element-4d70e64 elementor-widget elementor-widget-heading\" data-id=\"4d70e64\" data-element_type=\"widget\" data-e-type=\"widget\" data-widget_type=\"heading.default\">\n\t\t\t\t\t<h2 class=\"elementor-heading-title elementor-size-default\">Collaboration &amp; Consulting<\/h2>\t\t\t\t<\/div>\n\t\t\t\t<div class=\"elementor-element elementor-element-758ecf0 elementor-widget elementor-widget-text-editor\" data-id=\"758ecf0\" data-element_type=\"widget\" data-e-type=\"widget\" data-widget_type=\"text-editor.default\">\n\t\t\t\t\t\t\t\t\t<p>Vous souhaitez collaborer avec Victim\u2019s Hope DRC dans le cadre d\u2019une \u00e9valuation, d\u2019une recherche ou d\u2019un accompagnement de terrain ?<\/p><p>Notre \u00e9quipe reste disponible pour \u00e9changer sur vos besoins et vos initiatives.<\/p>\t\t\t\t\t\t\t\t<\/div>\n\t\t\t\t<div class=\"elementor-element elementor-element-9f24838 elementor-align-left elementor-mobile-align-center elementor-tablet-align-center elementor-widget elementor-widget-button\" data-id=\"9f24838\" data-element_type=\"widget\" data-e-type=\"widget\" data-widget_type=\"button.default\">\n\t\t\t\t\t\t\t\t\t\t<a class=\"elementor-button elementor-button-link elementor-size-sm\" href=\"https:\/\/victimshopedrc.org\/contact\/\">\n\t\t\t\t\t\t<span class=\"elementor-button-content-wrapper\">\n\t\t\t\t\t\t\t\t\t<span class=\"elementor-button-text\">Contacter notre \u00e9quipe<\/span>\n\t\t\t\t\t<\/span>\n\t\t\t\t\t<\/a>\n\t\t\t\t\t\t\t\t<\/div>\n\t\t\t\t<\/div>\n\t\t\t\t\t<\/div>\n\t\t\t\t<\/div>\n\t\t\t\t<\/div>\n\t\t","protected":false},"excerpt":{"rendered":"<p>Rapports Retrouvez ici les rapports d\u2019\u00e9valuation, d\u2019analyse et de mission r\u00e9alis\u00e9s pour nos organisations partenaires.Ces rapports sont publi\u00e9s avec l\u2019accord des organisations concern\u00e9es. Collaboration &amp; Consulting Vous souhaitez collaborer avec Victim\u2019s Hope DRC dans le cadre d\u2019une \u00e9valuation, d\u2019une recherche ou d\u2019un accompagnement de terrain ? Notre \u00e9quipe reste disponible pour \u00e9changer sur vos besoins [&hellip;]<\/p>\n","protected":false},"author":1,"featured_media":0,"parent":0,"menu_order":0,"comment_status":"closed","ping_status":"closed","template":"","meta":{"_acf_changed":false,"give_campaign_id":0,"_angie_page":false,"footnotes":""},"class_list":["post-1557","page","type-page","status-publish","hentry"],"acf":[],"yoast_head":"<!-- This site is optimized with the Yoast SEO plugin v27.6 - https:\/\/yoast.com\/product\/yoast-seo-wordpress\/ -->\n<title>Rapports -<\/title>\n<meta name=\"robots\" content=\"index, follow, max-snippet:-1, max-image-preview:large, max-video-preview:-1\" \/>\n<link rel=\"canonical\" href=\"https:\/\/victimshopedrc.org\/en\/rapports\/\" \/>\n<meta property=\"og:locale\" content=\"en_GB\" \/>\n<meta property=\"og:type\" content=\"article\" \/>\n<meta property=\"og:title\" content=\"Rapports -\" \/>\n<meta property=\"og:description\" content=\"Rapports Retrouvez ici les rapports d\u2019\u00e9valuation, d\u2019analyse et de mission r\u00e9alis\u00e9s pour nos organisations partenaires.Ces rapports sont publi\u00e9s avec l\u2019accord des organisations concern\u00e9es. Collaboration &amp; Consulting Vous souhaitez collaborer avec Victim\u2019s Hope DRC dans le cadre d\u2019une \u00e9valuation, d\u2019une recherche ou d\u2019un accompagnement de terrain ? Notre \u00e9quipe reste disponible pour \u00e9changer sur vos besoins [&hellip;]\" \/>\n<meta property=\"og:url\" content=\"https:\/\/victimshopedrc.org\/en\/rapports\/\" \/>\n<meta property=\"article:modified_time\" content=\"2026-05-09T20:05:06+00:00\" \/>\n<meta property=\"og:image\" content=\"https:\/\/victimshopedrc.org\/wp-content\/uploads\/2026\/05\/pexels-tima-miroshnichenko-5453827.jpg\" \/>\n\t<meta property=\"og:image:width\" content=\"640\" \/>\n\t<meta property=\"og:image:height\" content=\"960\" \/>\n\t<meta property=\"og:image:type\" content=\"image\/jpeg\" \/>\n<meta name=\"twitter:card\" content=\"summary_large_image\" \/>\n<meta name=\"twitter:label1\" content=\"Estimated reading time\" \/>\n\t<meta name=\"twitter:data1\" content=\"1 minute\" \/>\n<script type=\"application\/ld+json\" class=\"yoast-schema-graph\">{\"@context\":\"https:\\\/\\\/schema.org\",\"@graph\":[{\"@type\":\"WebPage\",\"@id\":\"https:\\\/\\\/victimshopedrc.org\\\/rapports\\\/\",\"url\":\"https:\\\/\\\/victimshopedrc.org\\\/rapports\\\/\",\"name\":\"Rapports -\",\"isPartOf\":{\"@id\":\"https:\\\/\\\/victimshopedrc.org\\\/#website\"},\"primaryImageOfPage\":{\"@id\":\"https:\\\/\\\/victimshopedrc.org\\\/rapports\\\/#primaryimage\"},\"image\":{\"@id\":\"https:\\\/\\\/victimshopedrc.org\\\/rapports\\\/#primaryimage\"},\"thumbnailUrl\":\"https:\\\/\\\/victimshopedrc.org\\\/wp-content\\\/uploads\\\/2026\\\/05\\\/pexels-tima-miroshnichenko-5453827.jpg\",\"datePublished\":\"2026-05-09T15:31:36+00:00\",\"dateModified\":\"2026-05-09T20:05:06+00:00\",\"breadcrumb\":{\"@id\":\"https:\\\/\\\/victimshopedrc.org\\\/rapports\\\/#breadcrumb\"},\"inLanguage\":\"en-GB\",\"potentialAction\":[{\"@type\":\"ReadAction\",\"target\":[\"https:\\\/\\\/victimshopedrc.org\\\/rapports\\\/\"]}]},{\"@type\":\"ImageObject\",\"inLanguage\":\"en-GB\",\"@id\":\"https:\\\/\\\/victimshopedrc.org\\\/rapports\\\/#primaryimage\",\"url\":\"https:\\\/\\\/victimshopedrc.org\\\/wp-content\\\/uploads\\\/2026\\\/05\\\/pexels-tima-miroshnichenko-5453827.jpg\",\"contentUrl\":\"https:\\\/\\\/victimshopedrc.org\\\/wp-content\\\/uploads\\\/2026\\\/05\\\/pexels-tima-miroshnichenko-5453827.jpg\"},{\"@type\":\"BreadcrumbList\",\"@id\":\"https:\\\/\\\/victimshopedrc.org\\\/rapports\\\/#breadcrumb\",\"itemListElement\":[{\"@type\":\"ListItem\",\"position\":1,\"name\":\"Home\",\"item\":\"https:\\\/\\\/victimshopedrc.org\\\/\"},{\"@type\":\"ListItem\",\"position\":2,\"name\":\"Rapports\"}]},{\"@type\":\"WebSite\",\"@id\":\"https:\\\/\\\/victimshopedrc.org\\\/#website\",\"url\":\"https:\\\/\\\/victimshopedrc.org\\\/\",\"name\":\"\",\"description\":\"\",\"potentialAction\":[{\"@type\":\"SearchAction\",\"target\":{\"@type\":\"EntryPoint\",\"urlTemplate\":\"https:\\\/\\\/victimshopedrc.org\\\/?s={search_term_string}\"},\"query-input\":{\"@type\":\"PropertyValueSpecification\",\"valueRequired\":true,\"valueName\":\"search_term_string\"}}],\"inLanguage\":\"en-GB\"}]}<\/script>\n<!-- \/ Yoast SEO plugin. -->","yoast_head_json":{"title":"Rapports -","robots":{"index":"index","follow":"follow","max-snippet":"max-snippet:-1","max-image-preview":"max-image-preview:large","max-video-preview":"max-video-preview:-1"},"canonical":"https:\/\/victimshopedrc.org\/en\/rapports\/","og_locale":"en_GB","og_type":"article","og_title":"Rapports -","og_description":"Rapports Retrouvez ici les rapports d\u2019\u00e9valuation, d\u2019analyse et de mission r\u00e9alis\u00e9s pour nos organisations partenaires.Ces rapports sont publi\u00e9s avec l\u2019accord des organisations concern\u00e9es. Collaboration &amp; Consulting Vous souhaitez collaborer avec Victim\u2019s Hope DRC dans le cadre d\u2019une \u00e9valuation, d\u2019une recherche ou d\u2019un accompagnement de terrain ? Notre \u00e9quipe reste disponible pour \u00e9changer sur vos besoins [&hellip;]","og_url":"https:\/\/victimshopedrc.org\/en\/rapports\/","article_modified_time":"2026-05-09T20:05:06+00:00","og_image":[{"width":640,"height":960,"url":"https:\/\/victimshopedrc.org\/wp-content\/uploads\/2026\/05\/pexels-tima-miroshnichenko-5453827.jpg","type":"image\/jpeg"}],"twitter_card":"summary_large_image","twitter_misc":{"Estimated reading time":"1 minute"},"schema":{"@context":"https:\/\/schema.org","@graph":[{"@type":"WebPage","@id":"https:\/\/victimshopedrc.org\/rapports\/","url":"https:\/\/victimshopedrc.org\/rapports\/","name":"Rapports -","isPartOf":{"@id":"https:\/\/victimshopedrc.org\/#website"},"primaryImageOfPage":{"@id":"https:\/\/victimshopedrc.org\/rapports\/#primaryimage"},"image":{"@id":"https:\/\/victimshopedrc.org\/rapports\/#primaryimage"},"thumbnailUrl":"https:\/\/victimshopedrc.org\/wp-content\/uploads\/2026\/05\/pexels-tima-miroshnichenko-5453827.jpg","datePublished":"2026-05-09T15:31:36+00:00","dateModified":"2026-05-09T20:05:06+00:00","breadcrumb":{"@id":"https:\/\/victimshopedrc.org\/rapports\/#breadcrumb"},"inLanguage":"en-GB","potentialAction":[{"@type":"ReadAction","target":["https:\/\/victimshopedrc.org\/rapports\/"]}]},{"@type":"ImageObject","inLanguage":"en-GB","@id":"https:\/\/victimshopedrc.org\/rapports\/#primaryimage","url":"https:\/\/victimshopedrc.org\/wp-content\/uploads\/2026\/05\/pexels-tima-miroshnichenko-5453827.jpg","contentUrl":"https:\/\/victimshopedrc.org\/wp-content\/uploads\/2026\/05\/pexels-tima-miroshnichenko-5453827.jpg"},{"@type":"BreadcrumbList","@id":"https:\/\/victimshopedrc.org\/rapports\/#breadcrumb","itemListElement":[{"@type":"ListItem","position":1,"name":"Home","item":"https:\/\/victimshopedrc.org\/"},{"@type":"ListItem","position":2,"name":"Rapports"}]},{"@type":"WebSite","@id":"https:\/\/victimshopedrc.org\/#website","url":"https:\/\/victimshopedrc.org\/","name":"","description":"","potentialAction":[{"@type":"SearchAction","target":{"@type":"EntryPoint","urlTemplate":"https:\/\/victimshopedrc.org\/?s={search_term_string}"},"query-input":{"@type":"PropertyValueSpecification","valueRequired":true,"valueName":"search_term_string"}}],"inLanguage":"en-GB"}]}},"campaignId":"","_links":{"self":[{"href":"https:\/\/victimshopedrc.org\/en\/wp-json\/wp\/v2\/pages\/1557","targetHints":{"allow":["GET"]}}],"collection":[{"href":"https:\/\/victimshopedrc.org\/en\/wp-json\/wp\/v2\/pages"}],"about":[{"href":"https:\/\/victimshopedrc.org\/en\/wp-json\/wp\/v2\/types\/page"}],"author":[{"embeddable":true,"href":"https:\/\/victimshopedrc.org\/en\/wp-json\/wp\/v2\/users\/1"}],"replies":[{"embeddable":true,"href":"https:\/\/victimshopedrc.org\/en\/wp-json\/wp\/v2\/comments?post=1557"}],"version-history":[{"count":97,"href":"https:\/\/victimshopedrc.org\/en\/wp-json\/wp\/v2\/pages\/1557\/revisions"}],"predecessor-version":[{"id":1694,"href":"https:\/\/victimshopedrc.org\/en\/wp-json\/wp\/v2\/pages\/1557\/revisions\/1694"}],"wp:attachment":[{"href":"https:\/\/victimshopedrc.org\/en\/wp-json\/wp\/v2\/media?parent=1557"}],"curies":[{"name":"wp","href":"https:\/\/api.w.org\/{rel}","templated":true}]}}